{"id":8828,"date":"2024-01-29T12:36:16","date_gmt":"2024-01-29T11:36:16","guid":{"rendered":"https:\/\/villa-gran.hu\/?page_id=8828"},"modified":"2025-05-14T12:16:10","modified_gmt":"2025-05-14T10:16:10","slug":"akciok","status":"publish","type":"page","link":"https:\/\/villa-gran.hu\/de\/akciok\/","title":{"rendered":"Werbeaktionen"},"content":{"rendered":"<div data-elementor-type=\"wp-page\" data-elementor-id=\"8828\" class=\"elementor elementor-8828\" data-elementor-settings=\"{&quot;ha_cmc_init_switcher&quot;:&quot;no&quot;}\" data-elementor-post-type=\"page\">\n\t\t\t\t\t\t<section class=\"elementor-section elementor-top-section elementor-element elementor-element-e2481d0 elementor-section-stretched elementor-section-content-top elementor-section-boxed elementor-section-height-default elementor-section-height-default\" data-id=\"e2481d0\" data-element_type=\"section\" data-e-type=\"section\" data-settings=\"{&quot;stretch_section&quot;:&quot;section-stretched&quot;,&quot;background_background&quot;:&quot;classic&quot;}\">\n\t\t\t\t\t\t<div class=\"elementor-container elementor-column-gap-default\">\n\t\t\t\t\t<div class=\"elementor-column elementor-col-100 elementor-top-column elementor-element elementor-element-b0a18c2 elementor-invisible\" data-id=\"b0a18c2\" data-element_type=\"column\" data-e-type=\"column\" data-settings=\"{&quot;animation&quot;:&quot;fadeInLeft&quot;}\">\n\t\t\t<div class=\"elementor-widget-wrap elementor-element-populated\">\n\t\t\t\t\t\t<div class=\"elementor-element elementor-element-1a009e6 elementor-widget elementor-widget-text-editor\" data-id=\"1a009e6\" data-element_type=\"widget\" data-e-type=\"widget\" data-widget_type=\"text-editor.default\">\n\t\t\t\t<div class=\"elementor-widget-container\">\n\t\t\t\t\t\t\t\t\t<p style=\"font-weight: 400;\"><strong>-15% Rabatt an Wochentagen, ab 2 N\u00e4chten<\/strong><\/p><p style=\"font-weight: 400;\">Wenn Sie an einem Wochentag kommen m\u00f6chten, k\u00f6nnen Sie jetzt zu einem erm\u00e4\u00dfigten Preis \u00fcber unsere Website buchen! Besuchen Sie uns und genie\u00dfen Sie den Komfort unserer Pension mit einem 15%-Rabatt.<\/p><p style=\"font-weight: 400;\">Aktionszeitraum: 05.05.2025-06.30.<\/p><p style=\"font-weight: 400;\">Der Sonderpreis gilt von Sonntag bis Freitag, ab einem Minimum von 2 N\u00e4chten Buchung auf unserer eigenen Website oder per Telefon, E-Mail.<\/p>\t\t\t\t\t\t\t\t<\/div>\n\t\t\t\t<\/div>\n\t\t\t\t\t<\/div>\n\t\t<\/div>\n\t\t\t\t\t<\/div>\n\t\t<\/section>\n\t\t\t\t<section class=\"elementor-section elementor-top-section elementor-element elementor-element-6bc48ab elementor-section-stretched elementor-section-content-top elementor-section-boxed elementor-section-height-default elementor-section-height-default\" data-id=\"6bc48ab\" data-element_type=\"section\" data-e-type=\"section\" data-settings=\"{&quot;stretch_section&quot;:&quot;section-stretched&quot;,&quot;background_background&quot;:&quot;classic&quot;}\">\n\t\t\t\t\t\t<div class=\"elementor-container elementor-column-gap-default\">\n\t\t\t\t\t<div class=\"elementor-column elementor-col-100 elementor-top-column elementor-element elementor-element-ad88a03 elementor-invisible\" data-id=\"ad88a03\" data-element_type=\"column\" data-e-type=\"column\" data-settings=\"{&quot;animation&quot;:&quot;fadeInLeft&quot;}\">\n\t\t\t<div class=\"elementor-widget-wrap elementor-element-populated\">\n\t\t\t\t\t\t<div class=\"elementor-element elementor-element-0d55c14 elementor-widget elementor-widget-image\" data-id=\"0d55c14\" data-element_type=\"widget\" data-e-type=\"widget\" data-widget_type=\"image.default\">\n\t\t\t\t<div class=\"elementor-widget-container\">\n\t\t\t\t\t\t\t\t\t\t\t\t\t\t\t<img fetchpriority=\"high\" decoding=\"async\" width=\"1024\" height=\"324\" src=\"https:\/\/villa-gran.hu\/wp-content\/uploads\/2024\/09\/vw_landing_page_cover_en_1-1024x324.jpg\" class=\"attachment-large size-large wp-image-9159\" alt=\"\" srcset=\"https:\/\/villa-gran.hu\/wp-content\/uploads\/2024\/09\/vw_landing_page_cover_en_1-1024x324.jpg 1024w, https:\/\/villa-gran.hu\/wp-content\/uploads\/2024\/09\/vw_landing_page_cover_en_1-300x95.jpg 300w, https:\/\/villa-gran.hu\/wp-content\/uploads\/2024\/09\/vw_landing_page_cover_en_1-768x243.jpg 768w, https:\/\/villa-gran.hu\/wp-content\/uploads\/2024\/09\/vw_landing_page_cover_en_1-18x6.jpg 18w, https:\/\/villa-gran.hu\/wp-content\/uploads\/2024\/09\/vw_landing_page_cover_en_1.jpg 1424w\" sizes=\"(max-width: 1024px) 100vw, 1024px\" \/>\t\t\t\t\t\t\t\t\t\t\t\t\t\t\t<\/div>\n\t\t\t\t<\/div>\n\t\t\t\t<div class=\"elementor-element elementor-element-38a6393 elementor-widget elementor-widget-text-editor\" data-id=\"38a6393\" data-element_type=\"widget\" data-e-type=\"widget\" data-widget_type=\"text-editor.default\">\n\t\t\t\t<div class=\"elementor-widget-container\">\n\t\t\t\t\t\t\t\t\t<p style=\"font-weight: 400;\"><strong>Zimmerreservierung + Eintrittskarte f\u00fcr das Aquasziget Erlebnisbad = Geschenk Vil\u00e1gi Weingut K\u00e9kfrankos Ros\u00e9<\/strong><\/p><p style=\"font-weight: 400;\">Wenn Sie jetzt ein Zimmer reservieren und ein Experience Spa-Ticket mit einem 25%-Rabatt kaufen, erhalten Sie bei Ihrer Ankunft eine Flasche K\u00e9kfrankos Ros\u00e9 vom Weingut Vil\u00e1gi.<\/p><p style=\"font-weight: 400;\">\u00a0<\/p><p style=\"font-weight: 400;\">Jetzt lohnt es sich, die F\u00fcnf-Sterne-Unterkunft mit dem Wellness-Erlebnis im Aquasziget Spa zu kombinieren.<\/p><p style=\"font-weight: 400;\">\u00a0<\/p><p style=\"font-weight: 400;\">Die Aktion ist bis auf Widerruf g\u00fcltig.<\/p>\t\t\t\t\t\t\t\t<\/div>\n\t\t\t\t<\/div>\n\t\t\t\t\t<\/div>\n\t\t<\/div>\n\t\t\t\t\t<\/div>\n\t\t<\/section>\n\t\t\t\t<section class=\"elementor-section elementor-top-section elementor-element elementor-element-7d2bb54 elementor-section-stretched elementor-section-content-top elementor-section-boxed elementor-section-height-default elementor-section-height-default\" data-id=\"7d2bb54\" data-element_type=\"section\" data-e-type=\"section\" data-settings=\"{&quot;stretch_section&quot;:&quot;section-stretched&quot;,&quot;background_background&quot;:&quot;classic&quot;}\">\n\t\t\t\t\t\t<div class=\"elementor-container elementor-column-gap-default\">\n\t\t\t\t\t<div class=\"elementor-column elementor-col-100 elementor-top-column elementor-element elementor-element-477b72a elementor-invisible\" data-id=\"477b72a\" data-element_type=\"column\" data-e-type=\"column\" data-settings=\"{&quot;animation&quot;:&quot;fadeInLeft&quot;}\">\n\t\t\t<div class=\"elementor-widget-wrap elementor-element-populated\">\n\t\t\t\t\t\t<div class=\"elementor-element elementor-element-3c45400 elementor-widget elementor-widget-image\" data-id=\"3c45400\" data-element_type=\"widget\" data-e-type=\"widget\" data-widget_type=\"image.default\">\n\t\t\t\t<div class=\"elementor-widget-container\">\n\t\t\t\t\t\t\t\t\t\t\t\t\t\t\t<img decoding=\"async\" width=\"940\" height=\"788\" src=\"https:\/\/villa-gran.hu\/wp-content\/uploads\/2024\/06\/Kedvezmeny-42.png\" class=\"attachment-large size-large wp-image-9131\" alt=\"\" srcset=\"https:\/\/villa-gran.hu\/wp-content\/uploads\/2024\/06\/Kedvezmeny-42.png 940w, https:\/\/villa-gran.hu\/wp-content\/uploads\/2024\/06\/Kedvezmeny-42-300x251.png 300w, https:\/\/villa-gran.hu\/wp-content\/uploads\/2024\/06\/Kedvezmeny-42-768x644.png 768w, https:\/\/villa-gran.hu\/wp-content\/uploads\/2024\/06\/Kedvezmeny-42-14x12.png 14w\" sizes=\"(max-width: 940px) 100vw, 940px\" \/>\t\t\t\t\t\t\t\t\t\t\t\t\t\t\t<\/div>\n\t\t\t\t<\/div>\n\t\t\t\t<div class=\"elementor-element elementor-element-c51df77 elementor-widget elementor-widget-text-editor\" data-id=\"c51df77\" data-element_type=\"widget\" data-e-type=\"widget\" data-widget_type=\"text-editor.default\">\n\t\t\t\t<div class=\"elementor-widget-container\">\n\t\t\t\t\t\t\t\t\t<p class=\"m_-2455290257879970971MsoListParagraph\">In drei der vielen ausgezeichneten Restaurants von Esztergom erhalten die G\u00e4ste einen Rabatt von 10% auf die Endrechnung. Die Erm\u00e4\u00dfigung kann durch Vorlage einer datierten Villa Gran-Schl\u00fcsselkarte bei den Kellnern der Restaurants in Anspruch genommen werden.<u><\/u><u><\/u><\/p><p class=\"m_-2455290257879970971MsoListParagraph\"><a href=\"https:\/\/www.facebook.com\/NautilusHajosBar\"><span style=\"color: #333399;\"><strong>Nautilus Boot Restaurant<\/strong><\/span><\/a> saisonal von Fr\u00fchling bis Herbst ge\u00f6ffnet. Er ist 400 m von der Villa entfernt und \u00fcber den Elisabethpark leicht zu erreichen.<u><\/u><u><\/u><\/p><p class=\"m_-2455290257879970971MsoListParagraph\"><span style=\"color: #333399;\"><strong><a style=\"color: #333399;\" href=\"https:\/\/piac42.hu\/\">Markt 42 Bistro<\/a><\/strong><\/span> Es befindet sich 1 km vom G\u00e4stehaus entfernt, neben dem erneuerten Gastromarkt der Stadt. Er ist zu Fu\u00df \u00fcber Fu\u00dfg\u00e4ngerwege und Fu\u00dfg\u00e4ngerstra\u00dfen zu erreichen, mit dem Auto empfehlen wir den Parkplatz in der Simor J\u00e1nos Stra\u00dfe oder die VisitE-Bushaltestelle direkt neben dem Markt.<\/p><p class=\"m_-2455290257879970971MsoListParagraph\"><span style=\"color: #333399;\"><strong><a style=\"color: #333399;\" href=\"https:\/\/www.facebook.com\/haluskaetterem\">Restaurant Haluska<\/a><\/strong><\/span> liegt am Rande der Stadt, am Ufer des runden Sees, in einer herrlichen Umgebung. Das Restaurant ist 6,2 km von der Pension entfernt und kann mit dem Auto oder dem Fahrrad erreicht werden. Kostenlose Parkpl\u00e4tze sind neben dem Restaurant vorhanden.<\/p>\t\t\t\t\t\t\t\t<\/div>\n\t\t\t\t<\/div>\n\t\t\t\t\t<\/div>\n\t\t<\/div>\n\t\t\t\t\t<\/div>\n\t\t<\/section>\n\t\t\t\t<\/div>","protected":false},"excerpt":{"rendered":"<p>-15% Erm\u00e4\u00dfigung an Wochentagen, ab 2 N\u00e4chten Wenn Sie an einem Wochentag bei uns \u00fcbernachten m\u00f6chten, k\u00f6nnen Sie jetzt zu einem erm\u00e4\u00dfigten Preis \u00fcber unsere Website buchen! Besuchen Sie uns und genie\u00dfen Sie den Komfort unserer Pension mit einem Rabatt von 15%. Aktionszeitraum: 05.05.2025-06.30.2025. Reservierung + Eintrittskarte f\u00fcr das Aquasziget Erlebnisbad = Geschenk Vil\u00e1gi Winery [...]<\/p>","protected":false},"author":1,"featured_media":0,"parent":0,"menu_order":0,"comment_status":"closed","ping_status":"closed","template":"","meta":{"footnotes":""},"class_list":["post-8828","page","type-page","status-publish","hentry"],"_links":{"self":[{"href":"https:\/\/villa-gran.hu\/de\/wp-json\/wp\/v2\/pages\/8828","targetHints":{"allow":["GET"]}}],"collection":[{"href":"https:\/\/villa-gran.hu\/de\/wp-json\/wp\/v2\/pages"}],"about":[{"href":"https:\/\/villa-gran.hu\/de\/wp-json\/wp\/v2\/types\/page"}],"author":[{"embeddable":true,"href":"https:\/\/villa-gran.hu\/de\/wp-json\/wp\/v2\/users\/1"}],"replies":[{"embeddable":true,"href":"https:\/\/villa-gran.hu\/de\/wp-json\/wp\/v2\/comments?post=8828"}],"version-history":[{"count":0,"href":"https:\/\/villa-gran.hu\/de\/wp-json\/wp\/v2\/pages\/8828\/revisions"}],"wp:attachment":[{"href":"https:\/\/villa-gran.hu\/de\/wp-json\/wp\/v2\/media?parent=8828"}],"curies":[{"name":"wp","href":"https:\/\/api.w.org\/{rel}","templated":true}]}}