{"id":9295,"date":"2025-12-03T13:08:04","date_gmt":"2025-12-03T12:08:04","guid":{"rendered":"https:\/\/villa-gran.hu\/?page_id=9295"},"modified":"2025-12-03T13:41:46","modified_gmt":"2025-12-03T12:41:46","slug":"thank-you-rendezvenyek","status":"publish","type":"page","link":"https:\/\/villa-gran.hu\/de\/thank-you-rendezvenyek\/","title":{"rendered":"Thank you &#8211; Rendezv\u00e9nyek"},"content":{"rendered":"<div data-elementor-type=\"wp-page\" data-elementor-id=\"9295\" class=\"elementor elementor-9295\" data-elementor-settings=\"{&quot;ha_cmc_init_switcher&quot;:&quot;no&quot;}\" data-elementor-post-type=\"page\">\n\t\t\t\t\t\t<section class=\"elementor-section elementor-top-section elementor-element elementor-element-e2481d0 elementor-section-stretched elementor-section-content-top elementor-section-boxed elementor-section-height-default elementor-section-height-default\" data-id=\"e2481d0\" data-element_type=\"section\" data-e-type=\"section\" data-settings=\"{&quot;stretch_section&quot;:&quot;section-stretched&quot;,&quot;background_background&quot;:&quot;classic&quot;}\">\n\t\t\t\t\t\t<div class=\"elementor-container elementor-column-gap-default\">\n\t\t\t\t\t<div class=\"elementor-column elementor-col-100 elementor-top-column elementor-element elementor-element-b0a18c2 elementor-invisible\" data-id=\"b0a18c2\" data-element_type=\"column\" data-e-type=\"column\" data-settings=\"{&quot;animation&quot;:&quot;fadeInLeft&quot;}\">\n\t\t\t<div class=\"elementor-widget-wrap elementor-element-populated\">\n\t\t\t\t\t\t<div class=\"elementor-element elementor-element-1a009e6 elementor-widget elementor-widget-text-editor\" data-id=\"1a009e6\" data-element_type=\"widget\" data-e-type=\"widget\" data-widget_type=\"text-editor.default\">\n\t\t\t\t<div class=\"elementor-widget-container\">\n\t\t\t\t\t\t\t\t\tK\u00f6sz\u00f6nj\u00fck \u00fczenet\u00e9t a rendezv\u00e9nyszervez\u00e9ssel kapcsolatosan. Munkat\u00e1rsunk hamarosan keresni fogja \u00d6nt.\t\t\t\t\t\t\t\t<\/div>\n\t\t\t\t<\/div>\n\t\t\t\t\t<\/div>\n\t\t<\/div>\n\t\t\t\t\t<\/div>\n\t\t<\/section>\n\t\t\t\t<\/div>","protected":false},"excerpt":{"rendered":"<p>K\u00f6sz\u00f6nj\u00fck \u00fczenet\u00e9t a rendezv\u00e9nyszervez\u00e9ssel kapcsolatosan. Munkat\u00e1rsunk hamarosan keresni fogja \u00d6nt.<\/p>","protected":false},"author":1,"featured_media":0,"parent":0,"menu_order":0,"comment_status":"closed","ping_status":"closed","template":"elementor_canvas","meta":{"footnotes":""},"class_list":["post-9295","page","type-page","status-publish","hentry"],"_links":{"self":[{"href":"https:\/\/villa-gran.hu\/de\/wp-json\/wp\/v2\/pages\/9295","targetHints":{"allow":["GET"]}}],"collection":[{"href":"https:\/\/villa-gran.hu\/de\/wp-json\/wp\/v2\/pages"}],"about":[{"href":"https:\/\/villa-gran.hu\/de\/wp-json\/wp\/v2\/types\/page"}],"author":[{"embeddable":true,"href":"https:\/\/villa-gran.hu\/de\/wp-json\/wp\/v2\/users\/1"}],"replies":[{"embeddable":true,"href":"https:\/\/villa-gran.hu\/de\/wp-json\/wp\/v2\/comments?post=9295"}],"version-history":[{"count":7,"href":"https:\/\/villa-gran.hu\/de\/wp-json\/wp\/v2\/pages\/9295\/revisions"}],"predecessor-version":[{"id":9302,"href":"https:\/\/villa-gran.hu\/de\/wp-json\/wp\/v2\/pages\/9295\/revisions\/9302"}],"wp:attachment":[{"href":"https:\/\/villa-gran.hu\/de\/wp-json\/wp\/v2\/media?parent=9295"}],"curies":[{"name":"wp","href":"https:\/\/api.w.org\/{rel}","templated":true}]}}