{"id":8520,"date":"2023-12-14T17:03:25","date_gmt":"2023-12-14T16:03:25","guid":{"rendered":"https:\/\/villa-gran.hu\/?page_id=8520"},"modified":"2024-10-02T15:55:18","modified_gmt":"2024-10-02T13:55:18","slug":"superior-ketagyas-szoba","status":"publish","type":"page","link":"https:\/\/villa-gran.hu\/sk\/superior-ketagyas-szoba\/","title":{"rendered":"Dvojl\u00f4\u017ekov\u00e1 izba Superior"},"content":{"rendered":"<div data-elementor-type=\"wp-page\" data-elementor-id=\"8520\" class=\"elementor elementor-8520\" data-elementor-settings=\"{&quot;ha_cmc_init_switcher&quot;:&quot;no&quot;}\" data-elementor-post-type=\"page\">\n\t\t\t\t<div class=\"elementor-element elementor-element-ba19838 e-flex e-con-boxed e-con e-parent\" data-id=\"ba19838\" data-element_type=\"container\" data-e-type=\"container\" data-settings=\"{&quot;_ha_eqh_enable&quot;:false}\">\n\t\t\t\t\t<div class=\"e-con-inner\">\n\t\t\t\t<div class=\"elementor-element elementor-element-026050f elementor-widget elementor-widget-html\" data-id=\"026050f\" data-element_type=\"widget\" data-e-type=\"widget\" data-widget_type=\"html.default\">\n\t\t\t\t<div class=\"elementor-widget-container\">\n\t\t\t\t\t<!-- Reservation PLUS start -->\r\n<script type=\"text\/javascript\" src=\"https:\/\/booking.previo.cz\/iframe\/\"><\/script>\r\n<iframe id=\"previo-booking-iframe\" src=\"https:\/\/booking.previo.cz\/?hotId=768528&theme=brown&showRoomType=917727-917703-917719-917715-903196-917723&arrival=14.12.2023&departure=15.12.2023\" name=\"previo-booking-iframe\" width=\"100%\" height=\"2000\" frameborder=\"0\" scrolling=\"no\"><\/iframe>\r\n<!-- Reservation PLUS end -->\t\t\t\t<\/div>\n\t\t\t\t<\/div>\n\t\t\t\t\t<\/div>\n\t\t\t\t<\/div>\n\t\t\t\t<\/div>","protected":false},"excerpt":{"rendered":"","protected":false},"author":1,"featured_media":0,"parent":0,"menu_order":0,"comment_status":"closed","ping_status":"closed","template":"","meta":{"footnotes":""},"class_list":["post-8520","page","type-page","status-publish","hentry"],"_links":{"self":[{"href":"https:\/\/villa-gran.hu\/sk\/wp-json\/wp\/v2\/pages\/8520","targetHints":{"allow":["GET"]}}],"collection":[{"href":"https:\/\/villa-gran.hu\/sk\/wp-json\/wp\/v2\/pages"}],"about":[{"href":"https:\/\/villa-gran.hu\/sk\/wp-json\/wp\/v2\/types\/page"}],"author":[{"embeddable":true,"href":"https:\/\/villa-gran.hu\/sk\/wp-json\/wp\/v2\/users\/1"}],"replies":[{"embeddable":true,"href":"https:\/\/villa-gran.hu\/sk\/wp-json\/wp\/v2\/comments?post=8520"}],"version-history":[{"count":0,"href":"https:\/\/villa-gran.hu\/sk\/wp-json\/wp\/v2\/pages\/8520\/revisions"}],"wp:attachment":[{"href":"https:\/\/villa-gran.hu\/sk\/wp-json\/wp\/v2\/media?parent=8520"}],"curies":[{"name":"wp","href":"https:\/\/api.w.org\/{rel}","templated":true}]}}