{"id":8769,"date":"2024-01-02T15:01:54","date_gmt":"2024-01-02T14:01:54","guid":{"rendered":"https:\/\/villa-gran.hu\/?page_id=8769"},"modified":"2024-01-02T15:08:45","modified_gmt":"2024-01-02T14:08:45","slug":"kisfaludi-palyazat","status":"publish","type":"page","link":"https:\/\/villa-gran.hu\/sk\/kisfaludi-palyazat\/","title":{"rendered":"Ponuka pre mal\u00e9 dediny"},"content":{"rendered":"<div data-elementor-type=\"wp-page\" data-elementor-id=\"8769\" class=\"elementor elementor-8769\" data-elementor-settings=\"{&quot;ha_cmc_init_switcher&quot;:&quot;no&quot;}\" data-elementor-post-type=\"page\">\n\t\t\t\t<div class=\"elementor-element elementor-element-31d32e9 e-flex e-con-boxed e-con e-parent\" data-id=\"31d32e9\" data-element_type=\"container\" data-e-type=\"container\" data-settings=\"{&quot;_ha_eqh_enable&quot;:false}\">\n\t\t\t\t\t<div class=\"e-con-inner\">\n\t\t\t\t<div class=\"elementor-element elementor-element-32b5881 elementor-widget elementor-widget-heading\" data-id=\"32b5881\" data-element_type=\"widget\" data-e-type=\"widget\" data-widget_type=\"heading.default\">\n\t\t\t\t<div class=\"elementor-widget-container\">\n\t\t\t\t\t<h2 class=\"elementor-heading-title elementor-size-default\">S\u00da\u0164A\u017d PRE DETI\n<\/h2>\t\t\t\t<\/div>\n\t\t\t\t<\/div>\n\t\t\t\t<div class=\"elementor-element elementor-element-04661fb elementor-widget elementor-widget-text-editor\" data-id=\"04661fb\" data-element_type=\"widget\" data-e-type=\"widget\" data-widget_type=\"text-editor.default\">\n\t\t\t\t<div class=\"elementor-widget-container\">\n\t\t\t\t\t\t\t\t\t<div class=\"elementor-element elementor-element-0cd169e elementor-widget__width-inherit elementor-widget-mobile__width-inherit elementor-widget elementor-widget-text-editor\" data-id=\"0cd169e\" data-element_type=\"widget\" data-widget_type=\"text-editor.default\"><div class=\"elementor-widget-container\"><p><strong>N\u00e1zov pr\u00edjemcu:<\/strong>\u00a0ANONIM PROPERTY KFT.<br \/><strong>N\u00e1zov podporovan\u00e9ho projektu:<\/strong>\u00a0V\u00fdstavba penzi\u00f3nu Villa Gran v Esztergome<br \/><strong>\u010c\u00edslo \u017eiadosti:<\/strong>\u00a0TFC-DU-1-2-1-2019-2019-00005<br \/><strong>V\u00fd\u0161ka zmluvne dohodnutej pomoci:<\/strong>\u00a0193 872 000 FORINTOV<br \/><strong>R\u00fdchlos\u0165 pomoci (v %):<\/strong>\u00a050%<\/p><\/div><\/div><div class=\"elementor-element elementor-element-1652fe6 elementor-widget__width-inherit elementor-widget-mobile__width-inherit elementor-widget elementor-widget-text-editor\" data-id=\"1652fe6\" data-element_type=\"widget\" data-widget_type=\"text-editor.default\"><div class=\"elementor-widget-container\"><p>Stru\u010dn\u00fd opis obsahu podporen\u00e9ho projektu: v\u00fdstavba penzi\u00f3nu Villa Gran v historickej \u010dasti mesta Esztergom. V\u00fdnimo\u010dn\u00e9 a p\u00f4sobiv\u00e9 ubytovanie v z\u00e1krute Dunaja.<br \/>D\u00e1tum ukon\u010denia podporen\u00e9ho projektu (skuto\u010dn\u00e9 ukon\u010denie, ak je ukon\u010den\u00fd): 31. december 2022.<br \/>\"Podporen\u00fd projekt sa realizuje v r\u00e1mci Programu rozvoja cestovn\u00e9ho ruchu Kisfaludy.\"<\/p><\/div><\/div>\t\t\t\t\t\t\t\t<\/div>\n\t\t\t\t<\/div>\n\t\t\t\t<div class=\"elementor-element elementor-element-c7bb2b3 elementor-widget elementor-widget-image\" data-id=\"c7bb2b3\" data-element_type=\"widget\" data-e-type=\"widget\" data-widget_type=\"image.default\">\n\t\t\t\t<div class=\"elementor-widget-container\">\n\t\t\t\t\t\t\t\t\t\t\t\t\t\t\t<img fetchpriority=\"high\" decoding=\"async\" width=\"900\" height=\"201\" src=\"https:\/\/villa-gran.hu\/wp-content\/uploads\/2024\/01\/kisfaludy-palyazat-22.jpg\" class=\"attachment-large size-large wp-image-8772\" alt=\"\" srcset=\"https:\/\/villa-gran.hu\/wp-content\/uploads\/2024\/01\/kisfaludy-palyazat-22.jpg 900w, https:\/\/villa-gran.hu\/wp-content\/uploads\/2024\/01\/kisfaludy-palyazat-22-300x67.jpg 300w, https:\/\/villa-gran.hu\/wp-content\/uploads\/2024\/01\/kisfaludy-palyazat-22-768x172.jpg 768w\" sizes=\"(max-width: 900px) 100vw, 900px\" \/>\t\t\t\t\t\t\t\t\t\t\t\t\t\t\t<\/div>\n\t\t\t\t<\/div>\n\t\t\t\t\t<\/div>\n\t\t\t\t<\/div>\n\t\t\t\t<\/div>","protected":false},"excerpt":{"rendered":"<p>N\u00e1zov pr\u00edjemcu pomoci: ANONIM PROPERTY KFTN\u00e1zov projektu, na ktor\u00fd sa poskytuje pomoc: V\u00fdstavba vily Gran Pension v EsztergomeIdentifika\u010dn\u00e9 \u010d\u00edslo ponuky: TFC-DU-1-2-1-2019-00005V\u00fd\u0161ka zmluvn\u00e9ho grantu: 193 872 000 HUF V\u00fd\u0161ka grantu (v %): 50% Stru\u010dn\u00fd opis obsahu projektu, na ktor\u00fd sa poskytuje pomoc: V\u00fdstavba vily Gran Pension v historickej \u010dasti mesta Esztergom. D\u00e1tum ukon\u010denia podporovan\u00e9ho projektu (skuto\u010dn\u00fd d\u00e1tum ukon\u010denia, ak sa dosiahne): 31. december 2022. \"A [...]<\/p>","protected":false},"author":1,"featured_media":0,"parent":0,"menu_order":0,"comment_status":"closed","ping_status":"closed","template":"","meta":{"footnotes":""},"class_list":["post-8769","page","type-page","status-publish","hentry"],"_links":{"self":[{"href":"https:\/\/villa-gran.hu\/sk\/wp-json\/wp\/v2\/pages\/8769","targetHints":{"allow":["GET"]}}],"collection":[{"href":"https:\/\/villa-gran.hu\/sk\/wp-json\/wp\/v2\/pages"}],"about":[{"href":"https:\/\/villa-gran.hu\/sk\/wp-json\/wp\/v2\/types\/page"}],"author":[{"embeddable":true,"href":"https:\/\/villa-gran.hu\/sk\/wp-json\/wp\/v2\/users\/1"}],"replies":[{"embeddable":true,"href":"https:\/\/villa-gran.hu\/sk\/wp-json\/wp\/v2\/comments?post=8769"}],"version-history":[{"count":0,"href":"https:\/\/villa-gran.hu\/sk\/wp-json\/wp\/v2\/pages\/8769\/revisions"}],"wp:attachment":[{"href":"https:\/\/villa-gran.hu\/sk\/wp-json\/wp\/v2\/media?parent=8769"}],"curies":[{"name":"wp","href":"https:\/\/api.w.org\/{rel}","templated":true}]}}