{"id":8906,"date":"2024-02-23T12:47:34","date_gmt":"2024-02-23T11:47:34","guid":{"rendered":"https:\/\/villa-gran.hu\/?page_id=8906"},"modified":"2024-02-23T13:30:54","modified_gmt":"2024-02-23T12:30:54","slug":"marciusi-hosszu-hetvege-2-3-ej","status":"publish","type":"page","link":"https:\/\/villa-gran.hu\/sk\/marciusi-hosszu-hetvege-2-3-ej\/","title":{"rendered":"Pred\u013a\u017een\u00fd marcov\u00fd v\u00edkend (2-3 noci)"},"content":{"rendered":"<div data-elementor-type=\"wp-page\" data-elementor-id=\"8906\" class=\"elementor elementor-8906\" data-elementor-settings=\"{&quot;ha_cmc_init_switcher&quot;:&quot;no&quot;}\" data-elementor-post-type=\"page\">\n\t\t\t\t<div class=\"elementor-element elementor-element-80be50f e-flex e-con-boxed e-con e-parent\" data-id=\"80be50f\" data-element_type=\"container\" data-e-type=\"container\" data-settings=\"{&quot;_ha_eqh_enable&quot;:false}\">\n\t\t\t\t\t<div class=\"e-con-inner\">\n\t\t\t\t<div class=\"elementor-element elementor-element-a5bb4d3 elementor-widget elementor-widget-html\" data-id=\"a5bb4d3\" data-element_type=\"widget\" data-e-type=\"widget\" data-widget_type=\"html.default\">\n\t\t\t\t<div class=\"elementor-widget-container\">\n\t\t\t\t\t<!-- Reservation PLUS start -->\r\n<script type=\"text\/javascript\" src=\"https:\/\/booking.previo.cz\/iframe\/\"><\/script>\r\n<iframe src=\"https:\/\/booking.previo.cz\/?hotId=768528&showTabs=stay&showStays=89971-86127&theme=brown&stayPricesPerRoom=1\" scrolling=\"no\" frameborder=\"0\" width=\"100%\" height=\"2000\" name=\"previo-booking-iframe\" id=\"previo-booking-iframe\" allowtransparency=\"true\"><\/iframe>\r\n<!-- Reservation PLUS end -->\t\t\t\t<\/div>\n\t\t\t\t<\/div>\n\t\t\t\t\t<\/div>\n\t\t\t\t<\/div>\n\t\t\t\t<\/div>","protected":false},"excerpt":{"rendered":"","protected":false},"author":1,"featured_media":0,"parent":0,"menu_order":0,"comment_status":"closed","ping_status":"closed","template":"","meta":{"footnotes":""},"class_list":["post-8906","page","type-page","status-publish","hentry"],"_links":{"self":[{"href":"https:\/\/villa-gran.hu\/sk\/wp-json\/wp\/v2\/pages\/8906","targetHints":{"allow":["GET"]}}],"collection":[{"href":"https:\/\/villa-gran.hu\/sk\/wp-json\/wp\/v2\/pages"}],"about":[{"href":"https:\/\/villa-gran.hu\/sk\/wp-json\/wp\/v2\/types\/page"}],"author":[{"embeddable":true,"href":"https:\/\/villa-gran.hu\/sk\/wp-json\/wp\/v2\/users\/1"}],"replies":[{"embeddable":true,"href":"https:\/\/villa-gran.hu\/sk\/wp-json\/wp\/v2\/comments?post=8906"}],"version-history":[{"count":0,"href":"https:\/\/villa-gran.hu\/sk\/wp-json\/wp\/v2\/pages\/8906\/revisions"}],"wp:attachment":[{"href":"https:\/\/villa-gran.hu\/sk\/wp-json\/wp\/v2\/media?parent=8906"}],"curies":[{"name":"wp","href":"https:\/\/api.w.org\/{rel}","templated":true}]}}