{"id":8972,"date":"2024-03-28T13:43:54","date_gmt":"2024-03-28T12:43:54","guid":{"rendered":"https:\/\/villa-gran.hu\/?page_id=8972"},"modified":"2024-03-28T18:10:12","modified_gmt":"2024-03-28T17:10:12","slug":"villas-reggelik","status":"publish","type":"page","link":"https:\/\/villa-gran.hu\/sk\/villas-reggelik\/","title":{"rendered":"Ra\u0148ajky na vidli\u010dku"},"content":{"rendered":"<div data-elementor-type=\"wp-page\" data-elementor-id=\"8972\" class=\"elementor elementor-8972\" data-elementor-settings=\"{&quot;ha_cmc_init_switcher&quot;:&quot;no&quot;}\" data-elementor-post-type=\"page\">\n\t\t\t\t\t\t<section class=\"elementor-section elementor-top-section elementor-element elementor-element-3566d77 elementor-section-stretched elementor-section-boxed elementor-section-height-default elementor-section-height-default\" data-id=\"3566d77\" data-element_type=\"section\" data-e-type=\"section\" data-settings=\"{&quot;stretch_section&quot;:&quot;section-stretched&quot;,&quot;_ha_eqh_enable&quot;:false}\">\n\t\t\t\t\t\t<div class=\"elementor-container elementor-column-gap-default\">\n\t\t\t\t\t<div class=\"elementor-column elementor-col-100 elementor-top-column elementor-element elementor-element-fe542d3\" data-id=\"fe542d3\" data-element_type=\"column\" data-e-type=\"column\">\n\t\t\t<div class=\"elementor-widget-wrap elementor-element-populated\">\n\t\t\t\t\t\t<div class=\"elementor-element elementor-element-c23f669 elementor-widget elementor-widget-slider_revolution\" data-id=\"c23f669\" data-element_type=\"widget\" data-e-type=\"widget\" data-widget_type=\"slider_revolution.default\">\n\t\t\t\t<div class=\"elementor-widget-container\">\n\t\t\t\t\t\n\t\t<div class=\"wp-block-themepunch-revslider\">\n\t\t\t<!-- START Reggelik REVOLUTION SLIDER 6.6.16 --><p class=\"rs-p-wp-fix\"><\/p>\n\t\t\t<rs-module-wrap id=\"rev_slider_21_1_wrapper\" data-source=\"gallery\" style=\"visibility:hidden;background:#1c1c1c;padding:0;margin:0px auto;margin-top:0;margin-bottom:0;\">\n\t\t\t\t<rs-module id=\"rev_slider_21_1\" style=\"\" data-version=\"6.6.16\">\n\t\t\t\t\t<rs-slides style=\"overflow: hidden; position: absolute;\">\n\t\t\t\t\t\t<rs-slide style=\"position: absolute;\" data-key=\"rs-47\" data-title=\"Video\" data-anim=\"e:slidingoverlay;ms:2000;\" data-in=\"o:0;x:(100%);\" data-out=\"a:false;\">\n\t\t\t\t\t\t\t<img fetchpriority=\"high\" decoding=\"async\" src=\"\/\/villa-gran.hu\/wp-content\/plugins\/revslider\/public\/assets\/assets\/dummy.png\" alt=\"\" title=\"Villa-Gran-Video_44.jpeg\" width=\"1920\" height=\"1080\" class=\"rev-slidebg tp-rs-img rs-lazyload\" data-lazyload=\"\/\/villa-gran.hu\/wp-content\/uploads\/revslider\/video-media\/Villa-Gran-Video_44.jpeg\" data-parallax=\"5\" data-no-retina>\n\t\t\t\t\t\t\t<rs-bgvideo \n\t\t\t\t\t\t\t\tdata-video=\"w:100%;h:100%;nse:false;l:loopandnoslidestop;ptimer:false;vfc:true;\"\n\t\t\t\t\t\t\t\tdata-mp4=\"\/\/villa-gran.hu\/wp-content\/uploads\/2023\/11\/Villa-Gran-Video.mp4\"\n\t\t\t\t\t\t\t><\/rs-bgvideo>\n<!--\n\t\t\t\t\t\t\t--><rs-layer\n\t\t\t\t\t\t\t\tid=\"slider-21-slide-47-layer-0\" \n\t\t\t\t\t\t\t\tclass=\"rs-pxl-2\"\n\t\t\t\t\t\t\t\tdata-type=\"text\"\n\t\t\t\t\t\t\t\tdata-rsp_ch=\"on\"\n\t\t\t\t\t\t\t\tdata-xy=\"x:c;xo:-8px,0,0,0;y:m;yo:84px,-65px,-57px,-54px;\"\n\t\t\t\t\t\t\t\tdata-text=\"s:15,14,12,15;l:20,14,12,12;ls:4px,2px,2px,2px;fw:300;\"\n\t\t\t\t\t\t\t\tdata-padding=\"b:10;\"\n\t\t\t\t\t\t\t\tdata-frame_0=\"sX:0.9;sY:0.9;\"\n\t\t\t\t\t\t\t\tdata-frame_1=\"st:1500;sp:1500;sR:1500;\"\n\t\t\t\t\t\t\t\tdata-frame_999=\"x:left;e:power3.in;st:w;sp:1000;sR:6000;\"\n\t\t\t\t\t\t\t\tdata-frame_999_reverse=\"x:true;\"\n\t\t\t\t\t\t\t\tstyle=\"z-index:8;font-family:'Roboto';\"\n\t\t\t\t\t\t\t>Posa\u010fte sa na ra\u0148ajky v na\u0161ej verejnej re\u0161taur\u00e1cii! \n\t\t\t\t\t\t\t<\/rs-layer><!--\n\n\t\t\t\t\t\t\t--><rs-layer\n\t\t\t\t\t\t\t\tid=\"slider-21-slide-47-layer-1\" \n\t\t\t\t\t\t\t\tclass=\"tp-shape tp-shapewrapper\"\n\t\t\t\t\t\t\t\tdata-type=\"shape\"\n\t\t\t\t\t\t\t\tdata-xy=\"x:c;y:m;\"\n\t\t\t\t\t\t\t\tdata-text=\"fw:900;\"\n\t\t\t\t\t\t\t\tdata-dim=\"w:100%;h:100%;\"\n\t\t\t\t\t\t\t\tdata-basealign=\"slide\"\n\t\t\t\t\t\t\t\tdata-rsp_o=\"off\"\n\t\t\t\t\t\t\t\tdata-rsp_bd=\"off\"\n\t\t\t\t\t\t\t\tdata-frame_1=\"e:power2.inOut;sp:1000;\"\n\t\t\t\t\t\t\t\tdata-frame_999=\"o:0;e:nothing;st:w;sp:1000;sR:8000;\"\n\t\t\t\t\t\t\t\tstyle=\"z-index:6;background-color:rgba(0,0,0,0.35);\"\n\t\t\t\t\t\t\t> \n\t\t\t\t\t\t\t<\/rs-layer><!--\n\n\t\t\t\t\t\t\t--><rs-layer\n\t\t\t\t\t\t\t\tid=\"slider-21-slide-47-layer-2\" \n\t\t\t\t\t\t\t\tclass=\"rs-pxl-2\"\n\t\t\t\t\t\t\t\tdata-type=\"text\"\n\t\t\t\t\t\t\t\tdata-color=\"#fff\"\n\t\t\t\t\t\t\t\tdata-rsp_ch=\"on\"\n\t\t\t\t\t\t\t\tdata-xy=\"x:c;y:m;\"\n\t\t\t\t\t\t\t\tdata-text=\"s:35,28,21,20;l:45,37,28,40;ls:2,1,0,1px;fw:300;a:center;\"\n\t\t\t\t\t\t\t\tdata-dim=\"minh:0px,none,none,none;\"\n\t\t\t\t\t\t\t\tdata-frame_0=\"sX:0.9;sY:0.9;\"\n\t\t\t\t\t\t\t\tdata-frame_1=\"x:0,0,0,0px;y:0,0,0,0px;st:1700;sp:1500;sR:1700;\"\n\t\t\t\t\t\t\t\tdata-frame_999=\"x:left;e:power3.in;st:w;sp:1000;sR:5800;\"\n\t\t\t\t\t\t\t\tdata-frame_999_reverse=\"x:true;\"\n\t\t\t\t\t\t\t\tstyle=\"z-index:9;font-family:'propaganda-light';\"\n\t\t\t\t\t\t\t>ra\u0148ajky \n\t\t\t\t\t\t\t<\/rs-layer><!--\n\n\t\t\t\t\t\t\t--><rs-layer\n\t\t\t\t\t\t\t\tid=\"slider-21-slide-47-layer-4\" \n\t\t\t\t\t\t\t\tclass=\"rs-pxl-2\"\n\t\t\t\t\t\t\t\tdata-type=\"text\"\n\t\t\t\t\t\t\t\tdata-rsp_ch=\"on\"\n\t\t\t\t\t\t\t\tdata-xy=\"x:c;y:m;yo:-76px,-65px,-57px,-54px;\"\n\t\t\t\t\t\t\t\tdata-text=\"s:15,14,12,15;l:20,14,12,12;ls:4px,2px,2px,2px;fw:300;\"\n\t\t\t\t\t\t\t\tdata-padding=\"b:10;\"\n\t\t\t\t\t\t\t\tdata-frame_0=\"sX:0.9;sY:0.9;\"\n\t\t\t\t\t\t\t\tdata-frame_1=\"st:1500;sp:1500;sR:1500;\"\n\t\t\t\t\t\t\t\tdata-frame_999=\"x:left;e:power3.in;st:w;sp:1000;sR:6000;\"\n\t\t\t\t\t\t\t\tdata-frame_999_reverse=\"x:true;\"\n\t\t\t\t\t\t\t\tstyle=\"z-index:7;font-family:'Roboto';\"\n\t\t\t\t\t\t\t>Villa Gran \n\t\t\t\t\t\t\t<\/rs-layer><!--\n-->\t\t\t\t\t\t<\/rs-slide>\n\t\t\t\t\t<\/rs-slides>\n\t\t\t\t<\/rs-module>\n\t\t\t\t<script>\n\t\t\t\t\tsetREVStartSize({c: 'rev_slider_21_1',rl:[1240,1024,778,480],el:[399.992,399.992,960,199.996],gw:[1240,1024,778,400],gh:[400,400,960,200],type:'standard',justify:'',layout:'fullwidth',mh:\"600\"});if (window.RS_MODULES!==undefined && window.RS_MODULES.modules!==undefined && window.RS_MODULES.modules[\"revslider211\"]!==undefined) {window.RS_MODULES.modules[\"revslider211\"].once = false;window.revapi21 = undefined;if (window.RS_MODULES.checkMinimal!==undefined) window.RS_MODULES.checkMinimal()}\n\t\t\t\t<\/script>\n\t\t\t<\/rs-module-wrap>\n\t\t\t<!-- END REVOLUTION SLIDER -->\n<\/div>\n\n\t\t\t\t\t\t<\/div>\n\t\t\t\t<\/div>\n\t\t\t\t<div class=\"elementor-element elementor-element-2146af45 elementor-widget__width-initial elementor-widget elementor-widget-heading\" data-id=\"2146af45\" data-element_type=\"widget\" data-e-type=\"widget\" data-widget_type=\"heading.default\">\n\t\t\t\t<div class=\"elementor-widget-container\">\n\t\t\t\t\t<h3 class=\"elementor-heading-title elementor-size-default\">Re\u0161taur\u00e1cia Villa Gran, chutn\u00e9 ra\u0148ajky v objat\u00ed Dunaja a baziliky!<\/h3>\t\t\t\t<\/div>\n\t\t\t\t<\/div>\n\t\t\t\t\t<\/div>\n\t\t<\/div>\n\t\t\t\t\t<\/div>\n\t\t<\/section>\n\t\t\t\t<section class=\"elementor-section elementor-top-section elementor-element elementor-element-77dcdad8 elementor-section-content-middle elementor-section-stretched elementor-section-boxed elementor-section-height-default elementor-section-height-default\" data-id=\"77dcdad8\" data-element_type=\"section\" data-e-type=\"section\" data-settings=\"{&quot;stretch_section&quot;:&quot;section-stretched&quot;,&quot;background_background&quot;:&quot;classic&quot;,&quot;_ha_eqh_enable&quot;:false}\">\n\t\t\t\t\t\t<div class=\"elementor-container elementor-column-gap-default\">\n\t\t\t\t\t<div class=\"elementor-column elementor-col-50 elementor-top-column elementor-element elementor-element-682b5078 elementor-invisible\" data-id=\"682b5078\" data-element_type=\"column\" data-e-type=\"column\" data-settings=\"{&quot;animation&quot;:&quot;fadeInLeft&quot;}\">\n\t\t\t<div class=\"elementor-widget-wrap elementor-element-populated\">\n\t\t\t\t\t\t<div class=\"elementor-element elementor-element-da84801 elementor-widget elementor-widget-text-editor\" data-id=\"da84801\" data-element_type=\"widget\" data-e-type=\"widget\" data-widget_type=\"text-editor.default\">\n\t\t\t\t<div class=\"elementor-widget-container\">\n\t\t\t\t\t\t\t\t\t<p style=\"text-align: center;\">Mo\u017enos\u0165 ra\u0148ajok \u00c1 la Carte alebo formou bufetu<\/p><p style=\"text-align: center;\">v\u0161etky\u00a0<strong>soboty a nedele 8-11 hod.<\/strong>\u00a0k dispoz\u00edcii na <br \/><strong>aj pre na\u0161ich host\u00ed, ktor\u00ed nie s\u00fa ubytovan\u00ed v hoteli!<\/strong><\/p><p style=\"font-weight: 400; text-align: center;\">Vstup do na\u0161ej re\u0161taur\u00e1cie je mo\u017en\u00fd aj z ulice Ber\u00e9nyi a parku Erzs\u00e9bet.<\/p><p style=\"text-align: center;\"><b>Na\u0161a ponuka<\/b><span style=\"font-weight: 400;\">:<\/span><\/p><p style=\"font-weight: 400; text-align: center;\">Bufetov\u00e9 ra\u0148ajky 4.990 Ft<\/p><p style=\"text-align: center;\"><b>alebo<\/b><\/p><p style=\"font-weight: 400; text-align: center;\">Franc\u00fazsky toast s \u010du\u010doriedkami 2.390 Ft<\/p><p style=\"font-weight: 400; text-align: center;\">Klasick\u00e9 mie\u0161an\u00e9 vaj\u00ed\u010dka 2.290 Ft<\/p><p style=\"font-weight: 400; text-align: center;\">Sendvi\u010d so smotanov\u00fdm syrom a kavi\u00e1rom 2.890 Ft<\/p><p style=\"font-weight: 400; text-align: center;\">Omeleta 2.390 Ft<\/p><p style=\"font-weight: 400; text-align: center;\">Vajcia Benedikt 3.190 Ft<\/p><p style=\"font-weight: 400; text-align: center;\">Grilovan\u00e1 panenka 2.890 Ft<\/p><p style=\"font-weight: 400; text-align: center;\">Na\u0161e ra\u0148ajky formou bufetu zah\u0155\u0148aj\u00fa 1 \u0161\u00e1lku k\u00e1vy a 1 poh\u00e1r d\u017e\u00fasu. <br \/>N\u00e1poje nie s\u00fa zahrnut\u00e9 v na\u0161ich jedl\u00e1ch \u00e0 la carte.<\/p>\t\t\t\t\t\t\t\t<\/div>\n\t\t\t\t<\/div>\n\t\t\t\t\t<\/div>\n\t\t<\/div>\n\t\t\t\t<div class=\"elementor-column elementor-col-50 elementor-top-column elementor-element elementor-element-1278c43d elementor-invisible\" data-id=\"1278c43d\" data-element_type=\"column\" data-e-type=\"column\" data-settings=\"{&quot;animation&quot;:&quot;fadeInRight&quot;}\">\n\t\t\t<div class=\"elementor-widget-wrap elementor-element-populated\">\n\t\t\t\t\t\t\t<\/div>\n\t\t<\/div>\n\t\t\t\t\t<\/div>\n\t\t<\/section>\n\t\t\t\t<\/div>","protected":false},"excerpt":{"rendered":"<p>Re\u0161taur\u00e1cia Villa Gran, chutn\u00e9 ra\u0148ajky v objat\u00ed Dunaja a baziliky! \u00c1 la Carte alebo ra\u0148ajky formou bufetu s\u00fa k dispoz\u00edcii ka\u017ed\u00fa sobotu a nede\u013eu od 8.00 do 11.00 h pre host\u00ed, ktor\u00ed nie s\u00fa ubytovan\u00ed! Vstup do na\u0161ej re\u0161taur\u00e1cie je mo\u017en\u00fd z Ber\u00e9nyiho ulice a Al\u017ebetinho parku. Na\u0161a ponuka: Ra\u0148ajky formou bufetu 4 990 HUF alebo franc\u00fazske toasty s \u010du\u010doriedkami 2 390 HUF Klasick\u00e9 mie\u0161an\u00e9 vaj\u00ed\u010dka 2 290 HUF Syr so smotanou [...]<\/p>","protected":false},"author":1,"featured_media":0,"parent":0,"menu_order":0,"comment_status":"closed","ping_status":"closed","template":"","meta":{"footnotes":""},"class_list":["post-8972","page","type-page","status-publish","hentry"],"_links":{"self":[{"href":"https:\/\/villa-gran.hu\/sk\/wp-json\/wp\/v2\/pages\/8972","targetHints":{"allow":["GET"]}}],"collection":[{"href":"https:\/\/villa-gran.hu\/sk\/wp-json\/wp\/v2\/pages"}],"about":[{"href":"https:\/\/villa-gran.hu\/sk\/wp-json\/wp\/v2\/types\/page"}],"author":[{"embeddable":true,"href":"https:\/\/villa-gran.hu\/sk\/wp-json\/wp\/v2\/users\/1"}],"replies":[{"embeddable":true,"href":"https:\/\/villa-gran.hu\/sk\/wp-json\/wp\/v2\/comments?post=8972"}],"version-history":[{"count":0,"href":"https:\/\/villa-gran.hu\/sk\/wp-json\/wp\/v2\/pages\/8972\/revisions"}],"wp:attachment":[{"href":"https:\/\/villa-gran.hu\/sk\/wp-json\/wp\/v2\/media?parent=8972"}],"curies":[{"name":"wp","href":"https:\/\/api.w.org\/{rel}","templated":true}]}}