{"id":9029,"date":"2024-04-17T19:33:10","date_gmt":"2024-04-17T17:33:10","guid":{"rendered":"https:\/\/villa-gran.hu\/?page_id=9029"},"modified":"2024-09-16T17:30:18","modified_gmt":"2024-09-16T15:30:18","slug":"parkolasi-informaciok","status":"publish","type":"page","link":"https:\/\/villa-gran.hu\/sk\/parkolasi-informaciok\/","title":{"rendered":"Inform\u00e1cie o parkovan\u00ed"},"content":{"rendered":"<div data-elementor-type=\"wp-page\" data-elementor-id=\"9029\" class=\"elementor elementor-9029\" data-elementor-settings=\"{&quot;ha_cmc_init_switcher&quot;:&quot;no&quot;}\" data-elementor-post-type=\"page\">\n\t\t\t\t\t\t<section class=\"elementor-section elementor-top-section elementor-element elementor-element-3566d77 elementor-section-stretched elementor-section-boxed elementor-section-height-default elementor-section-height-default\" data-id=\"3566d77\" data-element_type=\"section\" data-e-type=\"section\" data-settings=\"{&quot;stretch_section&quot;:&quot;section-stretched&quot;,&quot;_ha_eqh_enable&quot;:false}\">\n\t\t\t\t\t\t<div class=\"elementor-container elementor-column-gap-default\">\n\t\t\t\t\t<div class=\"elementor-column elementor-col-100 elementor-top-column elementor-element elementor-element-fe542d3\" data-id=\"fe542d3\" data-element_type=\"column\" data-e-type=\"column\">\n\t\t\t<div class=\"elementor-widget-wrap elementor-element-populated\">\n\t\t\t\t\t\t<div class=\"elementor-element elementor-element-2146af45 elementor-widget__width-initial elementor-widget elementor-widget-heading\" data-id=\"2146af45\" data-element_type=\"widget\" data-e-type=\"widget\" data-widget_type=\"heading.default\">\n\t\t\t\t<div class=\"elementor-widget-container\">\n\t\t\t\t\t<h3 class=\"elementor-heading-title elementor-size-default\">Inform\u00e1cie o parkovan\u00ed<\/h3>\t\t\t\t<\/div>\n\t\t\t\t<\/div>\n\t\t\t\t\t<\/div>\n\t\t<\/div>\n\t\t\t\t\t<\/div>\n\t\t<\/section>\n\t\t\t\t<section class=\"elementor-section elementor-top-section elementor-element elementor-element-3609aab elementor-section-stretched elementor-section-boxed elementor-section-height-default elementor-section-height-default\" data-id=\"3609aab\" data-element_type=\"section\" data-e-type=\"section\" data-settings=\"{&quot;stretch_section&quot;:&quot;section-stretched&quot;,&quot;_ha_eqh_enable&quot;:false}\">\n\t\t\t\t\t\t<div class=\"elementor-container elementor-column-gap-default\">\n\t\t\t\t\t<div class=\"elementor-column elementor-col-100 elementor-top-column elementor-element elementor-element-facdf74\" data-id=\"facdf74\" data-element_type=\"column\" data-e-type=\"column\">\n\t\t\t<div class=\"elementor-widget-wrap elementor-element-populated\">\n\t\t\t\t\t\t<div data-ha-element-link=\"{&quot;url&quot;:&quot;https:\\\/\\\/maps.app.goo.gl\\\/2fbBwxK8dchpot9w9&quot;,&quot;is_external&quot;:&quot;&quot;,&quot;nofollow&quot;:&quot;&quot;}\" style=\"cursor: pointer\" class=\"elementor-element elementor-element-69d0a34 elementor-widget__width-initial elementor-widget elementor-widget-heading\" data-id=\"69d0a34\" data-element_type=\"widget\" data-e-type=\"widget\" data-widget_type=\"heading.default\">\n\t\t\t\t<div class=\"elementor-widget-container\">\n\t\t\t\t\t<h3 class=\"elementor-heading-title elementor-size-default\">mapa - kliknite<\/h3>\t\t\t\t<\/div>\n\t\t\t\t<\/div>\n\t\t\t\t\t<\/div>\n\t\t<\/div>\n\t\t\t\t\t<\/div>\n\t\t<\/section>\n\t\t\t\t<section class=\"elementor-section elementor-top-section elementor-element elementor-element-77dcdad8 elementor-section-content-middle elementor-section-stretched elementor-section-boxed elementor-section-height-default elementor-section-height-default\" data-id=\"77dcdad8\" data-element_type=\"section\" data-e-type=\"section\" data-settings=\"{&quot;stretch_section&quot;:&quot;section-stretched&quot;,&quot;background_background&quot;:&quot;classic&quot;,&quot;_ha_eqh_enable&quot;:false}\">\n\t\t\t\t\t\t<div class=\"elementor-container elementor-column-gap-default\">\n\t\t\t\t\t<div class=\"elementor-column elementor-col-50 elementor-top-column elementor-element elementor-element-682b5078 elementor-invisible\" data-id=\"682b5078\" data-element_type=\"column\" data-e-type=\"column\" data-settings=\"{&quot;animation&quot;:&quot;fadeInLeft&quot;}\">\n\t\t\t<div class=\"elementor-widget-wrap elementor-element-populated\">\n\t\t\t\t\t\t<div class=\"elementor-element elementor-element-e45c578 elementor-widget elementor-widget-image\" data-id=\"e45c578\" data-element_type=\"widget\" data-e-type=\"widget\" data-widget_type=\"image.default\">\n\t\t\t\t<div class=\"elementor-widget-container\">\n\t\t\t\t\t\t\t\t\t\t\t\t\t\t\t<img decoding=\"async\" src=\"\" title=\"\" alt=\"\u00e1rv\u00edz\" loading=\"lazy\" \/>\t\t\t\t\t\t\t\t\t\t\t\t\t\t\t<\/div>\n\t\t\t\t<\/div>\n\t\t\t\t<div class=\"elementor-element elementor-element-da84801 elementor-widget elementor-widget-text-editor\" data-id=\"da84801\" data-element_type=\"widget\" data-e-type=\"widget\" data-widget_type=\"text-editor.default\">\n\t\t\t\t<div class=\"elementor-widget-container\">\n\t\t\t\t\t\t\t\t\t<p>Mnoh\u00ed \u013eudia maj\u00fa z\u00e1ujem o parkovacie zariadenia. Ke\u010f\u017ee sa penzi\u00f3n nach\u00e1dza v stredovekej \u010dasti mesta, z jednej strany ho ohrani\u010duje \u00fazka ulica a z druhej strany park. Pre pohodlie na\u0161ich host\u00ed prenaj\u00edmame najbli\u017e\u0161ie bezplatn\u00e9 parkovisko.<\/p><p>\u00a0<\/p><p><strong>Tento priestor sa nach\u00e1dza na\u013eavo od hlavn\u00e9ho vchodu, 210 metrov za re\u0161taur\u00e1ciou Rose Garden. Pri vchode do vily m\u00f4\u017eete parkova\u0165 a\u017e do vylo\u017eenia bato\u017einy, potom sa, pros\u00edm, presu\u0148te na na\u0161e parkovisko vyzna\u010den\u00e9 na mape.<\/strong><\/p><p>\u00a0<\/p><p>GPS s\u00faradnice: 47.800876, 18.734049<\/p><p>\u00a0<\/p><p>Na mape: <a href=\"https:\/\/maps.app.goo.gl\/2fbBwxK8dchpot9w9\">maps.app.goo.gl<\/a><br \/><br \/>Vila sa nach\u00e1dza v z\u00f3ne s povolen\u00fdm prejazdom a hostia m\u00f4\u017eu prech\u00e1dza\u0165 autom.<\/p><p>Mestsk\u00e9 parkovisko je k dispoz\u00edcii v platenej z\u00f3ne v bezprostrednej bl\u00edzkosti budovy. Ak tu zaparkujete svoje auto, nezabudnite za\u010da\u0165 parkova\u0165 v z\u00f3ne 1255. Poplatok za \u0148u je 500 HUF\/hodinu od pondelka do soboty od 8.00 do 19.00 h a v nede\u013eu od 13.00 do 19.00 h, teda 2 000 HUF\/de\u0148.<\/p><p>\u010eakujeme v\u00e1m za pochopenie a spolupr\u00e1cu!<\/p>\t\t\t\t\t\t\t\t<\/div>\n\t\t\t\t<\/div>\n\t\t\t\t\t<\/div>\n\t\t<\/div>\n\t\t\t\t<div class=\"elementor-column elementor-col-50 elementor-top-column elementor-element elementor-element-1278c43d elementor-invisible\" data-id=\"1278c43d\" data-element_type=\"column\" data-e-type=\"column\" data-settings=\"{&quot;animation&quot;:&quot;fadeInRight&quot;}\">\n\t\t\t<div class=\"elementor-widget-wrap elementor-element-populated\">\n\t\t\t\t\t\t<div class=\"elementor-element elementor-element-98af99f elementor-widget__width-initial elementor-widget elementor-widget-image\" data-id=\"98af99f\" data-element_type=\"widget\" data-e-type=\"widget\" data-widget_type=\"image.default\">\n\t\t\t\t<div class=\"elementor-widget-container\">\n\t\t\t\t\t\t\t\t\t\t\t\t\t\t\t<img fetchpriority=\"high\" decoding=\"async\" width=\"1024\" height=\"1024\" src=\"https:\/\/villa-gran.hu\/wp-content\/uploads\/2024\/04\/Villa-Gran-Parkolas-2024-001-1024x1024.jpg\" class=\"attachment-large size-large wp-image-9047\" alt=\"\" srcset=\"https:\/\/villa-gran.hu\/wp-content\/uploads\/2024\/04\/Villa-Gran-Parkolas-2024-001-1024x1024.jpg 1024w, https:\/\/villa-gran.hu\/wp-content\/uploads\/2024\/04\/Villa-Gran-Parkolas-2024-001-300x300.jpg 300w, https:\/\/villa-gran.hu\/wp-content\/uploads\/2024\/04\/Villa-Gran-Parkolas-2024-001-150x150.jpg 150w, https:\/\/villa-gran.hu\/wp-content\/uploads\/2024\/04\/Villa-Gran-Parkolas-2024-001-768x768.jpg 768w, https:\/\/villa-gran.hu\/wp-content\/uploads\/2024\/04\/Villa-Gran-Parkolas-2024-001-12x12.jpg 12w, https:\/\/villa-gran.hu\/wp-content\/uploads\/2024\/04\/Villa-Gran-Parkolas-2024-001.jpg 1080w\" sizes=\"(max-width: 1024px) 100vw, 1024px\" \/>\t\t\t\t\t\t\t\t\t\t\t\t\t\t\t<\/div>\n\t\t\t\t<\/div>\n\t\t\t\t<div class=\"elementor-element elementor-element-8097015 elementor-widget__width-initial elementor-widget elementor-widget-image\" data-id=\"8097015\" data-element_type=\"widget\" data-e-type=\"widget\" data-widget_type=\"image.default\">\n\t\t\t\t<div class=\"elementor-widget-container\">\n\t\t\t\t\t\t\t\t\t\t\t\t\t\t\t<img decoding=\"async\" width=\"1024\" height=\"1024\" src=\"https:\/\/villa-gran.hu\/wp-content\/uploads\/2024\/04\/Villa-Gran-Parkolas-2024-002-1024x1024.jpg\" class=\"attachment-large size-large wp-image-9048\" alt=\"\" srcset=\"https:\/\/villa-gran.hu\/wp-content\/uploads\/2024\/04\/Villa-Gran-Parkolas-2024-002-1024x1024.jpg 1024w, https:\/\/villa-gran.hu\/wp-content\/uploads\/2024\/04\/Villa-Gran-Parkolas-2024-002-300x300.jpg 300w, https:\/\/villa-gran.hu\/wp-content\/uploads\/2024\/04\/Villa-Gran-Parkolas-2024-002-150x150.jpg 150w, https:\/\/villa-gran.hu\/wp-content\/uploads\/2024\/04\/Villa-Gran-Parkolas-2024-002-768x768.jpg 768w, https:\/\/villa-gran.hu\/wp-content\/uploads\/2024\/04\/Villa-Gran-Parkolas-2024-002-12x12.jpg 12w, https:\/\/villa-gran.hu\/wp-content\/uploads\/2024\/04\/Villa-Gran-Parkolas-2024-002.jpg 1080w\" sizes=\"(max-width: 1024px) 100vw, 1024px\" \/>\t\t\t\t\t\t\t\t\t\t\t\t\t\t\t<\/div>\n\t\t\t\t<\/div>\n\t\t\t\t\t<\/div>\n\t\t<\/div>\n\t\t\t\t\t<\/div>\n\t\t<\/section>\n\t\t\t\t<\/div>","protected":false},"excerpt":{"rendered":"<p>Informa\u010dn\u00e1 mapa parkovania - kliknite Mnoho \u013eud\u00ed sa p\u00fdta na mo\u017enosti parkovania. Ke\u010f\u017ee penzi\u00f3n sa nach\u00e1dza v stredovekej \u010dasti mesta, z jednej strany ho ohrani\u010duje \u00fazka ulica a z druhej strany park. Pre pohodlie na\u0161ich host\u00ed prenaj\u00edmame najbli\u017e\u0161ie bezplatn\u00e9 parkovisko.   T\u00e1to plocha sa nach\u00e1dza na\u013eavo od hlavn\u00e9ho vchodu, 210 metrov za re\u0161taur\u00e1ciou Rose Garden. Vila [...]<\/p>","protected":false},"author":1,"featured_media":0,"parent":0,"menu_order":0,"comment_status":"closed","ping_status":"closed","template":"","meta":{"footnotes":""},"class_list":["post-9029","page","type-page","status-publish","hentry"],"_links":{"self":[{"href":"https:\/\/villa-gran.hu\/sk\/wp-json\/wp\/v2\/pages\/9029","targetHints":{"allow":["GET"]}}],"collection":[{"href":"https:\/\/villa-gran.hu\/sk\/wp-json\/wp\/v2\/pages"}],"about":[{"href":"https:\/\/villa-gran.hu\/sk\/wp-json\/wp\/v2\/types\/page"}],"author":[{"embeddable":true,"href":"https:\/\/villa-gran.hu\/sk\/wp-json\/wp\/v2\/users\/1"}],"replies":[{"embeddable":true,"href":"https:\/\/villa-gran.hu\/sk\/wp-json\/wp\/v2\/comments?post=9029"}],"version-history":[{"count":0,"href":"https:\/\/villa-gran.hu\/sk\/wp-json\/wp\/v2\/pages\/9029\/revisions"}],"wp:attachment":[{"href":"https:\/\/villa-gran.hu\/sk\/wp-json\/wp\/v2\/media?parent=9029"}],"curies":[{"name":"wp","href":"https:\/\/api.w.org\/{rel}","templated":true}]}}